{"id":8035,"date":"2020-06-01T21:01:55","date_gmt":"2020-06-02T01:01:55","guid":{"rendered":"http:\/\/topinsus.com\/webdiana\/?page_id=8035"},"modified":"2023-09-28T19:37:07","modified_gmt":"2023-09-28T23:37:07","slug":"liquor-liability","status":"publish","type":"page","link":"https:\/\/topinsus.com\/es\/liquor-liability\/","title":{"rendered":"Seguro de Responsabilidad de Licores"},"content":{"rendered":"<div data-vc-full-width=\"true\" data-vc-full-width-init=\"false\" class=\"vc_row wpb_row vc_row-fluid vc_custom_1592486548396 vc_row-has-fill vc_row-has-padding-top vc_row-has-padding-bottom vc_row-fixed-bg\"><div class=\"kd-overlay\"  style=\"background-color:rgba(0,0,0,0.15);\"><\/div><div class=\"wpb_column vc_column_container vc_col-sm-6 vc_col-lg-6 vc_col-md-12\"><div class=\"vc_column-inner\"><div class=\"wpb_wrapper\"><div class=\"vc_empty_space\"   style=\"height: 75px\"><span class=\"vc_empty_space_inner\"><\/span><\/div><header class=\"kd-section-title col-lg-12 text-left  kd-animated fadeIn\" data-animation-delay=\"200\"><h2 class=\"separator_off\" style=\"color: #ffffff;font-size: 60px;line-height: 72px;\">Obt\u00e9n el Seguro de Responsabilidad de Licores<\/h2><h6 class=\"subtitle\" style=\"color: #ffffff;\">Nos encargamos de encontrar las mejores coberturas con tarifas bajas.<\/h6><\/header><div class=\"vc_empty_space\"   style=\"height: 10px\"><span class=\"vc_empty_space_inner\"><\/span><\/div><\/div><\/div><\/div><div class=\"wpb_column vc_column_container vc_col-sm-2\"><div class=\"vc_column-inner\"><div class=\"wpb_wrapper\"><\/div><\/div><\/div><div class=\"with-shadow wpb_column vc_column_container vc_col-sm-1 vc_col-lg-4 vc_col-md-12 vc_col-has-fill\" id=\"contact-form-box\"><div class=\"vc_column-inner vc_custom_1541509699457\"><div class=\"wpb_wrapper\"><header class=\"kd-section-title col-lg-12 text-center  kd-animated fadeIn\" data-animation-delay=\"200\"><h2 class=\"separator_off\" style=\"font-size: 32px;line-height: 42px;\">Solicita un Estimado<\/h2><\/header><div class=\"vc_empty_space\"   style=\"height: 20px\"><span class=\"vc_empty_space_inner\"><\/span><\/div><div class=\"kd-contact-form full-width-cf   kd-animated fadeIn\" data-animation-delay=\"200\"><div role=\"form\" class=\"wpcf7\" id=\"wpcf7-f8792-o1\" lang=\"en-US\" dir=\"ltr\">\n<div class=\"screen-reader-response\" role=\"alert\" aria-live=\"polite\"><\/div>\n<form action=\"\/es\/wp-json\/wp\/v2\/pages\/8035#wpcf7-f8792-o1\" method=\"post\" class=\"wpcf7-form init\" novalidate=\"novalidate\" data-trp-original-action=\"\/es\/wp-json\/wp\/v2\/pages\/8035#wpcf7-f8792-o1\">\n<div style=\"display: none;\">\n<input type=\"hidden\" name=\"_wpcf7\" value=\"8792\" \/>\n<input type=\"hidden\" name=\"_wpcf7_version\" value=\"5.2.2\" \/>\n<input type=\"hidden\" name=\"_wpcf7_locale\" value=\"en_US\" \/>\n<input type=\"hidden\" name=\"_wpcf7_unit_tag\" value=\"wpcf7-f8792-o1\" \/>\n<input type=\"hidden\" name=\"_wpcf7_container_post\" value=\"0\" \/>\n<input type=\"hidden\" name=\"_wpcf7_posted_data_hash\" value=\"\" \/>\n<input type=\"hidden\" name=\"_wpcf7cf_hidden_group_fields\" value=\"\" \/>\n<input type=\"hidden\" name=\"_wpcf7cf_hidden_groups\" value=\"\" \/>\n<input type=\"hidden\" name=\"_wpcf7cf_visible_groups\" value=\"\" \/>\n<input type=\"hidden\" name=\"_wpcf7cf_repeaters\" value=\"[]\" \/>\n<input type=\"hidden\" name=\"_wpcf7cf_steps\" value=\"{}\" \/>\n<input type=\"hidden\" name=\"_wpcf7cf_options\" value=\"{&quot;form_id&quot;:8792,&quot;conditions&quot;:[],&quot;settings&quot;:{&quot;animation&quot;:&quot;yes&quot;,&quot;animation_intime&quot;:200,&quot;animation_outtime&quot;:200,&quot;conditions_ui&quot;:&quot;normal&quot;,&quot;notice_dismissed&quot;:false}}\" \/>\n<\/div>\n<p><span class=\"wpcf7-form-control-wrap first-name\"><input type=\"text\" name=\"first-name\" value=\"\" size=\"40\" class=\"wpcf7-form-control wpcf7-text wpcf7-validates-as-required\" aria-required=\"true\" aria-invalid=\"false\" placeholder=\"Nombre\" \/><\/span><br \/>\n<span class=\"wpcf7-form-control-wrap last-name\"><input type=\"text\" name=\"last-name\" value=\"\" size=\"40\" class=\"wpcf7-form-control wpcf7-text wpcf7-validates-as-required\" aria-required=\"true\" aria-invalid=\"false\" placeholder=\"ZIP CODE\" \/><\/span><br \/>\n<span class=\"wpcf7-form-control-wrap your-email\"><input type=\"email\" name=\"your-email\" value=\"\" size=\"40\" class=\"wpcf7-form-control wpcf7-text wpcf7-email wpcf7-validates-as-required wpcf7-validates-as-email\" aria-required=\"true\" aria-invalid=\"false\" placeholder=\"Correo Electr\u00f3nico\" \/><\/span><\/p>\n<p>Agenda una llamada:<\/p>\n<p><span class=\"wpcf7-form-control-wrap Telfono\"><input type=\"tel\" name=\"Telfono\" value=\"\" size=\"40\" class=\"wpcf7-form-control wpcf7-text wpcf7-tel wpcf7-validates-as-tel\" aria-invalid=\"false\" placeholder=\"Tel\u00e9fono M\u00f3vil\" \/><\/span><br \/>\n<span class=\"wpcf7-form-control-wrap Hora\"><select name=\"Hora\" class=\"wpcf7-form-control wpcf7-select\" aria-invalid=\"false\"><option value=\"MONDAY\">LUNES<\/option><option value=\"TUESDAY\">MARTES<\/option><option value=\"WEDNESDAY\">MI\u00c9RCOLES<\/option><option value=\"THURSDAY\">JUEVES<\/option><option value=\"FRIDAY\">VIERNES<\/option><option value=\"SATURDAY\">S\u00c1BADO<\/option><\/select><\/span><br \/>\n<span class=\"wpcf7-form-control-wrap Hora\"><select name=\"Hora\" class=\"wpcf7-form-control wpcf7-select\" aria-invalid=\"false\"><option value=\"11:00\">11:00<\/option><option value=\"11:30\">11:30<\/option><option value=\"12:00\">12:00<\/option><option value=\"12:30\">12:30<\/option><option value=\"13:00\">13:00<\/option><option value=\"13:30\">13:30<\/option><option value=\"14:00\">14:00<\/option><option value=\"14:30\">14:30<\/option><option value=\"15:00\">15:00<\/option><option value=\"15:30\">15:30<\/option><option value=\"16:00\">16:00<\/option><option value=\"16:30\">16:30<\/option><option value=\"17:00\">17:00<\/option><option value=\"17:30\">17:30<\/option><\/select><\/span><br \/>\n<span class=\"wpcf7-form-control-wrap checkbox-921\"><span class=\"wpcf7-form-control wpcf7-checkbox wpcf7-validates-as-required\"><span class=\"wpcf7-list-item first last\"><input type=\"checkbox\" name=\"checkbox-921[]\" value=\"I accept the use of my data for commercial contact.\" \/><span class=\"wpcf7-list-item-label\">Acepto el uso de mis datos para el contacto comercial.<\/span><\/span><\/span><\/span><\/p>\n<p><input type=\"submit\" value=\"Por Favor, Ll\u00e1mame\" class=\"wpcf7-form-control wpcf7-submit\" \/><\/p>\n<div class=\"wpcf7-response-output\" role=\"alert\" aria-hidden=\"true\"><\/div><input type=\"hidden\" name=\"trp-form-language\" value=\"es\"\/><\/form><\/div><\/div><\/div><\/div><\/div><\/div><div class=\"vc_row-full-width vc_clearfix\"><\/div><div data-vc-full-width=\"true\" data-vc-full-width-init=\"false\" data-vc-kd-parallax=\"1.5\" class=\"vc_row wpb_row vc_row-fluid vc_custom_1539607787552 vc_row-has-fill vc_row-has-padding-top vc_row-has-padding-bottom vc_general kd_vc_parallax kd_vc_parallax-content-moving\"><div class=\"parallax-overlay\" data-vc-kd-parallax=\"1.5\"><\/div><div class=\"wpb_column vc_column_container vc_col-sm-9\"><div class=\"vc_column-inner\"><div class=\"wpb_wrapper\"><div class=\"vc_empty_space\"   style=\"height: 10px\"><span class=\"vc_empty_space_inner\"><\/span><\/div><\/div><\/div><\/div><\/div><div class=\"vc_row-full-width vc_clearfix\"><\/div><div class=\"vc_row wpb_row vc_row-fluid\"><div class=\"wpb_column vc_column_container vc_col-sm-3\"><div class=\"vc_column-inner\"><div class=\"wpb_wrapper\"><h2 style=\"text-align: left\" class=\"vc_custom_heading vc_custom_1590982253293\" >\u00bfQu\u00e9 opciones de cobertura puedo tener?<\/h2><\/div><\/div><\/div><div class=\"wpb_column vc_column_container vc_col-sm-9\"><div class=\"vc_column-inner vc_custom_1589470363657\"><div class=\"wpb_wrapper\">\n\t<div class=\"wpb_text_column wpb_content_element  vc_custom_1591083425550\" >\n\t\t<div class=\"wpb_wrapper\">\n\t\t\t<p><span style=\"color: #595959; font-size: large;\">El Seguro de Responsabilidad de Licores est\u00e1 dise\u00f1ado para proporcionar protecci\u00f3n de seguro de responsabilidad civil para aquellas empresas que fabrican, distribuyen o venden licor.\n<br><br><B>Necesitas un seguro si vendes licor y\/ o si tu negocio es:<\/B><\/span><\/p>\n\n\t\t<\/div>\n\t<\/div>\n<div class=\"key-icon-box icon-default icon-top cont-center ib-no-effect\" style=\"background-color: transparent;\" ><i class=\"fa\" style=\" \"><\/i> <\/div>\n\t<div class=\"wpb_text_column wpb_content_element\" >\n\t\t<div class=\"wpb_wrapper\">\n\t\t\t<ul>\n<li><span style=\"color: #595959; font-size: large;\">Bar <\/span><\/li>\n<li><span style=\"color: #595959; font-size: large;\">Taberna<\/span><\/li>\n<li><span style=\"color: #595959; font-size: large;\">Club nocturno <\/span><\/li>\n<li><span style=\"color: #595959; font-size: large;\">Club Fraternal<\/span><\/li>\n<li><span style=\"color: #595959; font-size: large;\">Tienda de conveniencia <\/span><\/li>\n<li><span style=\"color: #595959;\">Tienda de licores <\/span><\/li>\n<li><span style=\"color: #595959;\">Restaurante<\/span><\/li>\n<\/ul>\n\n\t\t<\/div>\n\t<\/div>\n<\/div><\/div><\/div><\/div><div data-vc-full-width=\"true\" data-vc-full-width-init=\"false\" class=\"vc_row wpb_row vc_row-fluid\"><div class=\"wpb_column vc_column_container vc_col-sm-12\"><div class=\"vc_column-inner vc_custom_1516008460883\"><div class=\"wpb_wrapper\"><div class=\"vc_empty_space\"   style=\"height: 50px\"><span class=\"vc_empty_space_inner\"><\/span><\/div><\/div><\/div><\/div><\/div><div class=\"vc_row-full-width vc_clearfix\"><\/div><div class=\"vc_row wpb_row vc_row-fluid\"><div class=\"wpb_column vc_column_container vc_col-sm-12\"><div class=\"vc_column-inner\"><div class=\"wpb_wrapper\"><h5 style=\"text-align: left\" class=\"vc_custom_heading\" >Ofrecemos cotizaciones comparativas gratuitas sobre el seguro de responsabilidad civil por licor de m\u00faltiples aseguradoras, para que puedas obtener la mejor tarifa posible.<\/h5><\/div><\/div><\/div><\/div><div class=\"vc_row wpb_row vc_row-fluid vc_custom_1586364501072 vc_row-has-fill\"><div class=\"wpb_column vc_column_container vc_col-sm-12\"><div class=\"vc_column-inner vc_custom_1586364367847\"><div class=\"wpb_wrapper\"><div class=\"kd-calltoaction no_icon\" >\n                <div class=\"container\">\n                  <div class=\"cta-text-container\" ><div class=\"cta-text\">\n                        <h3 style=\"color: #ffffff;\">\u00bfQuieres saber cu\u00e1nto podemos ahorrarte?<\/h3><\/div>\n                    <\/div>\n                    <div class=\"cta-btncontainer\"><a href=\"#\"  title=\"\" class=\"tt_button tt_primary_button button-action-link btn_primary_color\" >\u00a1Empieza Ahora!<\/a><\/div>\n                <\/div>\n            <\/div><\/div><\/div><\/div><\/div><div data-vc-full-width=\"true\" data-vc-full-width-init=\"false\" class=\"vc_row wpb_row vc_row-fluid vc_custom_1591419620203 vc_row-has-fill\"><div class=\"wpb_column vc_column_container vc_col-sm-12\"><div class=\"vc_column-inner vc_custom_1516008398734\"><div class=\"wpb_wrapper\"><div class=\"vc_row wpb_row vc_inner vc_row-fluid vc_custom_1551099259094 vc_row-has-padding-top vc_row-has-padding-bottom\"><div class=\"wpb_column vc_column_container vc_col-sm-3\"><div class=\"vc_column-inner vc_custom_1516008405811\"><div class=\"wpb_wrapper\"><div class=\"key-icon-box icon-default icon-left cont-left ib-no-effect  kd-animated fadeInUp\" style=\"background-color: transparent;\" ><i class=\"iconsmind-Phone-Wifi fa\" style=\" color: #ffffff;\"><\/i> <h6 class=\"service-heading\" style=\"color: #ffffff;\">Ll\u00e1manos:<br \/>\n877-579-0587<\/h6><\/div><\/div><\/div><\/div><div class=\"wpb_column vc_column_container vc_col-sm-6\"><div class=\"vc_column-inner vc_custom_1516008411578\"><div class=\"wpb_wrapper\"><div class=\"key-icon-box icon-default icon-left cont-left ib-no-effect  kd-animated fadeInUp\" style=\"background-color: transparent;\" data-animation-delay=\"200\"><i class=\"iconsmind-Edit-Map fa\" style=\" color: #ffffff;\"><\/i> <h6 class=\"service-heading\" style=\"color: #ffffff;\">Sirviendo en:<br \/>\n| GA | FL | TN | IN | SC | AL | TX |<\/h6><\/div><\/div><\/div><\/div><div class=\"wpb_column vc_column_container vc_col-sm-3\"><div class=\"vc_column-inner vc_custom_1516008418002\"><div class=\"wpb_wrapper\"><div class=\"key-icon-box icon-default icon-left cont-left ib-no-effect  kd-animated fadeInUp\" style=\"background-color: transparent;\" data-animation-delay=\"400\"><i class=\"iconsmind-Calendar-3 fa\" style=\" color: #ffffff;\"><\/i> <h6 class=\"service-heading\" style=\"color: #ffffff;\">Lunes - Viernes:<br \/>9:00 am - 6:00 pm <br \/>S\u00e1b: 10:00 am - 6:00 pm<\/h6><\/div><\/div><\/div><\/div><\/div><\/div><\/div><\/div><\/div><div class=\"vc_row-full-width vc_clearfix\"><\/div>","protected":false},"excerpt":{"rendered":"Get a Liquor Liability InsuranceAt Top Insurance Agency, we have a variety of policy options to meet your insurance needsRequest [...]","protected":false},"author":2,"featured_media":0,"parent":0,"menu_order":0,"comment_status":"closed","ping_status":"closed","template":"","meta":{"_joinchat":[],"footnotes":""},"class_list":["post-8035","page","type-page","status-publish","hentry"],"yoast_head":"<!-- This site is optimized with the Yoast SEO plugin v21.2 - https:\/\/yoast.com\/wordpress\/plugins\/seo\/ -->\n<title>Liquor Liability Insurance - Get Your Free Quote Today<\/title>\n<meta name=\"description\" content=\"Our agents advise you before purchasing liquor insurance. Save and have the protection you need in liquor liability insurance.\" \/>\n<meta name=\"robots\" content=\"index, follow, max-snippet:-1, max-image-preview:large, max-video-preview:-1\" \/>\n<link rel=\"canonical\" href=\"http:\/\/topinsus.com\/es\/liquor-liability\/\" \/>\n<meta property=\"og:locale\" content=\"es_ES\" \/>\n<meta property=\"og:type\" content=\"article\" \/>\n<meta property=\"og:title\" content=\"Liquor Liability Insurance - Get Your Free Quote Today\" \/>\n<meta property=\"og:description\" content=\"Our agents advise you before purchasing liquor insurance. Save and have the protection you need in liquor liability insurance.\" \/>\n<meta property=\"og:url\" content=\"http:\/\/topinsus.com\/es\/liquor-liability\/\" \/>\n<meta property=\"og:site_name\" content=\"TOP Insurance\" \/>\n<meta property=\"article:publisher\" content=\"https:\/\/www.facebook.com\/topinsuranceus\" \/>\n<meta property=\"article:modified_time\" content=\"2023-09-28T23:37:07+00:00\" \/>\n<meta name=\"twitter:card\" content=\"summary_large_image\" \/>\n<meta name=\"twitter:label1\" content=\"Tiempo de lectura\" \/>\n\t<meta name=\"twitter:data1\" content=\"4 minutos\" \/>\n<!-- \/ Yoast SEO plugin. -->","yoast_head_json":{"title":"Liquor Liability Insurance - Get Your Free Quote Today","description":"Our agents advise you before purchasing liquor insurance. Save and have the protection you need in liquor liability insurance.","robots":{"index":"index","follow":"follow","max-snippet":"max-snippet:-1","max-image-preview":"max-image-preview:large","max-video-preview":"max-video-preview:-1"},"canonical":"http:\/\/topinsus.com\/es\/liquor-liability\/","og_locale":"es_ES","og_type":"article","og_title":"Liquor Liability Insurance - Get Your Free Quote Today","og_description":"Our agents advise you before purchasing liquor insurance. Save and have the protection you need in liquor liability insurance.","og_url":"http:\/\/topinsus.com\/es\/liquor-liability\/","og_site_name":"TOP Insurance","article_publisher":"https:\/\/www.facebook.com\/topinsuranceus","article_modified_time":"2023-09-28T23:37:07+00:00","twitter_card":"summary_large_image","twitter_misc":{"Tiempo de lectura":"4 minutos"},"schema":{"@context":"https:\/\/schema.org","@graph":[{"@type":"WebPage","@id":"http:\/\/topinsus.com\/es\/liquor-liability\/","url":"http:\/\/topinsus.com\/es\/liquor-liability\/","name":"Liquor Liability Insurance - Get Your Free Quote Today","isPartOf":{"@id":"https:\/\/topinsus.com\/es\/#website"},"datePublished":"2020-06-02T01:01:55+00:00","dateModified":"2023-09-28T23:37:07+00:00","description":"Our agents advise you before purchasing liquor insurance. Save and have the protection you need in liquor liability insurance.","breadcrumb":{"@id":"http:\/\/topinsus.com\/es\/liquor-liability\/#breadcrumb"},"inLanguage":"es","potentialAction":[{"@type":"ReadAction","target":["http:\/\/topinsus.com\/es\/liquor-liability\/"]}]},{"@type":"BreadcrumbList","@id":"http:\/\/topinsus.com\/es\/liquor-liability\/#breadcrumb","itemListElement":[{"@type":"ListItem","position":1,"name":"Portada","item":"https:\/\/topinsus.com\/"},{"@type":"ListItem","position":2,"name":"Liquor Liability Insurance"}]},{"@type":"WebSite","@id":"https:\/\/topinsus.com\/es\/#website","url":"https:\/\/topinsus.com\/es\/","name":"TOP Insurance","description":"Auto insurance, business insurance, truck insurance and personal insurance.","publisher":{"@id":"https:\/\/topinsus.com\/es\/#organization"},"potentialAction":[{"@type":"SearchAction","target":{"@type":"EntryPoint","urlTemplate":"https:\/\/topinsus.com\/es\/?s={search_term_string}"},"query-input":"required name=search_term_string"}],"inLanguage":"es"},{"@type":"Organization","@id":"https:\/\/topinsus.com\/es\/#organization","name":"Top Insurance Agency","url":"https:\/\/topinsus.com\/es\/","logo":{"@type":"ImageObject","inLanguage":"es","@id":"https:\/\/topinsus.com\/es\/#\/schema\/logo\/image\/","url":"https:\/\/topinsus.com\/wp-content\/uploads\/2020\/06\/Logotipo-TOP-Insurance-1.png","contentUrl":"https:\/\/topinsus.com\/wp-content\/uploads\/2020\/06\/Logotipo-TOP-Insurance-1.png","width":5223,"height":897,"caption":"Top Insurance Agency"},"image":{"@id":"https:\/\/topinsus.com\/es\/#\/schema\/logo\/image\/"},"sameAs":["https:\/\/www.facebook.com\/topinsuranceus","https:\/\/www.instagram.com\/topinsus"]}]}},"_links":{"self":[{"href":"https:\/\/topinsus.com\/es\/wp-json\/wp\/v2\/pages\/8035","targetHints":{"allow":["GET"]}}],"collection":[{"href":"https:\/\/topinsus.com\/es\/wp-json\/wp\/v2\/pages"}],"about":[{"href":"https:\/\/topinsus.com\/es\/wp-json\/wp\/v2\/types\/page"}],"author":[{"embeddable":true,"href":"https:\/\/topinsus.com\/es\/wp-json\/wp\/v2\/users\/2"}],"replies":[{"embeddable":true,"href":"https:\/\/topinsus.com\/es\/wp-json\/wp\/v2\/comments?post=8035"}],"version-history":[{"count":14,"href":"https:\/\/topinsus.com\/es\/wp-json\/wp\/v2\/pages\/8035\/revisions"}],"predecessor-version":[{"id":9074,"href":"https:\/\/topinsus.com\/es\/wp-json\/wp\/v2\/pages\/8035\/revisions\/9074"}],"wp:attachment":[{"href":"https:\/\/topinsus.com\/es\/wp-json\/wp\/v2\/media?parent=8035"}],"curies":[{"name":"wp","href":"https:\/\/api.w.org\/{rel}","templated":true}]}}